{"id":1010,"date":"2025-01-27T12:48:33","date_gmt":"2025-01-27T15:48:33","guid":{"rendered":"https:\/\/biosposadas.com\/productos\/?post_type=product&#038;p=1010"},"modified":"2025-06-14T12:01:10","modified_gmt":"2025-06-14T15:01:10","slug":"impresora-epson-stylus-cx-5600","status":"publish","type":"product","link":"https:\/\/biosposadas.com\/productos\/venta\/impresora-epson-stylus-cx-5600\/","title":{"rendered":"Impresora Epson Stylus CX 5600"},"content":{"rendered":"<h1 align=\"center\">Impresora Epson Stylus CX 5600<\/h1>\n<p align=\"center\">en BIOS Servicio T\u00e9cnico Posadas<\/p>\n<p>&nbsp;<br \/>\n<img loading=\"lazy\" decoding=\"async\" class=\"alignnone size-medium wp-image-115\" src=\"https:\/\/biosposadas.com\/productos\/wp-content\/uploads\/2025\/01\/1.jpg\" style=\"display: block; margin-left: auto; margin-right: auto;\" target=\"_blank\" alt=\"BIOS servicio tecnico - Impresora Epson Stylus CX 5600 -1  \" width=\"600\" height=\"600\" \/><br \/>\n&nbsp;<\/p>\n<p align=\"center\">Impresora en excelente estado<\/p>\n<p>&nbsp;<br \/>\n<img loading=\"lazy\" decoding=\"async\" class=\"alignnone size-medium wp-image-115\" src=\"https:\/\/biosposadas.com\/productos\/wp-content\/uploads\/2025\/01\/2.jpg\" style=\"display: block; margin-left: auto; margin-right: auto;\" target=\"_blank\" alt=\"BIOS servicio tecnico - Impresora Epson Stylus CX 5600 -2  \" width=\"600\" height=\"600\" \/><br \/>\n&nbsp;<\/p>\n<p align=\"center\">Con posibilidad de escanear documentos<\/p>\n<p>&nbsp;<br \/>\n<img loading=\"lazy\" decoding=\"async\" class=\"alignnone size-medium wp-image-115\" src=\"https:\/\/biosposadas.com\/productos\/wp-content\/uploads\/2025\/01\/3.jpg\" style=\"display: block; margin-left: auto; margin-right: auto;\" target=\"_blank\" alt=\"BIOS servicio tecnico -  Impresora Epson Stylus CX 5600 -3 \" width=\"600\" height=\"600\" \/><br \/>\n&nbsp;<\/p>\n<p align=\"center\">Utiliza cuatro cartuchos para su funcionamiento.<\/p>\n<p>&nbsp;<br \/>\n<img loading=\"lazy\" decoding=\"async\" class=\"alignnone size-medium wp-image-115\" src=\"https:\/\/biosposadas.com\/productos\/wp-content\/uploads\/2025\/01\/4.jpg\" style=\"display: block; margin-left: auto; margin-right: auto;\" target=\"_blank\" alt=\"BIOS servicio tecnico -  Impresora Epson Stylus CX 5600 -4 \" width=\"600\" height=\"600\" \/><br \/>\n&nbsp;<\/p>\n<p align=\"center\">Posibiidad de uso como fotocopiadora<\/p>\n<p>&nbsp;<br \/>\n<img loading=\"lazy\" decoding=\"async\" class=\"alignnone size-medium wp-image-115\" src=\"https:\/\/biosposadas.com\/productos\/wp-content\/uploads\/2025\/01\/5.jpg\" style=\"display: block; margin-left: auto; margin-right: auto;\" target=\"_blank\" alt=\"BIOS servicio tecnico - Impresora Epson Stylus CX 5600 -5  \" width=\"600\" height=\"600\" \/><br \/>\n&nbsp;<\/p>\n<hr \/>\n<h2 align=\"center\">Caracter\u00edsticas <\/h2>\n<h3 align=\"center\">Impresora Multifunci\u00f3n Color.<\/h3>\n<h4 align=\"center\">Sistema de inyecci\u00f3n de tinta. Cartuchos Econ\u00f3micos<\/h4>\n<h5 align=\"center\"><\/h5>\n<h6 align=\"center\">Consulte por otros equipos disponibles, servicio de mantenimiento y reparaci\u00f3n.<\/h6>\n<p>&nbsp;<\/p>\n<hr \/>\n<h3 align=\"center\">\u00a1Click para ponerte en contacto!<\/h3>\n<p><a href=\"https:\/\/wa.me\/5493764299305?text=Consulta%20desde%20el%20sitio%20web\" target=\"_blank\" rel=\"noopener noreferrer\"><img decoding=\"async\" class=\"alignnone size-medium wp-image-115\" style=\"display: block; margin-left: auto; margin-right: auto;\" src=\"https:\/\/biosposadas.com\/productos\/wp-content\/uploads\/2024\/08\/BIOS-wazap.jpg\" alt=\"BIOS contacto whatsapp\"  \/><\/a><\/p>\n<h4 align=\"center\">Todos los productos y servicios en biosposadas.com<\/h4>\n<p>&nbsp;<\/p>\n<hr \/>\n","protected":false},"excerpt":{"rendered":"<p>Impresora Epson Stylus CX 5600 en BIOS Servicio T\u00e9cnico Posadas &nbsp; &nbsp; Impresora en excelente estado &nbsp; &nbsp; Con posibilidad de escanear documentos &nbsp; &nbsp; Utiliza cuatro cartuchos para su funcionamiento. &nbsp; &nbsp; Posibiidad de uso como fotocopiadora &nbsp; &nbsp; Caracter\u00edsticas Impresora Multifunci\u00f3n Color. Sistema de inyecci\u00f3n de tinta. Cartuchos Econ\u00f3micos Consulte por otros equipos [&hellip;]<\/p>\n","protected":false},"featured_media":1046,"template":"","meta":[],"product_brand":[],"product_cat":[74],"product_tag":[80],"class_list":{"0":"post-1010","1":"product","2":"type-product","3":"status-publish","4":"has-post-thumbnail","6":"product_cat-impresoras","7":"product_tag-epson","9":"first","10":"instock","11":"shipping-taxable","12":"purchasable","13":"product-type-simple"},"_links":{"self":[{"href":"https:\/\/biosposadas.com\/productos\/wp-json\/wp\/v2\/product\/1010","targetHints":{"allow":["GET"]}}],"collection":[{"href":"https:\/\/biosposadas.com\/productos\/wp-json\/wp\/v2\/product"}],"about":[{"href":"https:\/\/biosposadas.com\/productos\/wp-json\/wp\/v2\/types\/product"}],"wp:featuredmedia":[{"embeddable":true,"href":"https:\/\/biosposadas.com\/productos\/wp-json\/wp\/v2\/media\/1046"}],"wp:attachment":[{"href":"https:\/\/biosposadas.com\/productos\/wp-json\/wp\/v2\/media?parent=1010"}],"wp:term":[{"taxonomy":"product_brand","embeddable":true,"href":"https:\/\/biosposadas.com\/productos\/wp-json\/wp\/v2\/product_brand?post=1010"},{"taxonomy":"product_cat","embeddable":true,"href":"https:\/\/biosposadas.com\/productos\/wp-json\/wp\/v2\/product_cat?post=1010"},{"taxonomy":"product_tag","embeddable":true,"href":"https:\/\/biosposadas.com\/productos\/wp-json\/wp\/v2\/product_tag?post=1010"}],"curies":[{"name":"wp","href":"https:\/\/api.w.org\/{rel}","templated":true}]}}