{"id":1018,"date":"2025-01-27T18:08:01","date_gmt":"2025-01-27T21:08:01","guid":{"rendered":"https:\/\/biosposadas.com\/productos\/?post_type=product&#038;p=1018"},"modified":"2025-06-14T12:00:57","modified_gmt":"2025-06-14T15:00:57","slug":"impresora-hp-deskjet-2135","status":"publish","type":"product","link":"https:\/\/biosposadas.com\/productos\/venta\/impresora-hp-deskjet-2135\/","title":{"rendered":"Impresora HP Deskjet 2135"},"content":{"rendered":"<h1 align=\"center\">Impresora HP Deskjet 2135<\/h1>\n<p align=\"center\">en BIOS Servicio T\u00e9cnico Posadas<\/p>\n<p>&nbsp;<br \/>\n<img loading=\"lazy\" decoding=\"async\" class=\"alignnone size-medium wp-image-115\" src=\"https:\/\/biosposadas.com\/productos\/wp-content\/uploads\/2025\/01\/1-2.jpg\" style=\"display: block; margin-left: auto; margin-right: auto;\" target=\"_blank\" alt=\"BIOS servicio tecnico -  Impresora HP Deskjet 2135 -1 \" width=\"600\" height=\"600\" \/><br \/>\n&nbsp;<br \/>\n&nbsp;<br \/>\n<img loading=\"lazy\" decoding=\"async\" class=\"alignnone size-medium wp-image-115\" src=\"https:\/\/biosposadas.com\/productos\/wp-content\/uploads\/2025\/01\/2-1.jpg\" style=\"display: block; margin-left: auto; margin-right: auto;\" target=\"_blank\" alt=\"BIOS servicio tecnico - Impresora HP Deskjet 2135 -2  \" width=\"600\" height=\"600\" \/><br \/>\n&nbsp;<br \/>\n&nbsp;<br \/>\n<img loading=\"lazy\" decoding=\"async\" class=\"alignnone size-medium wp-image-115\" src=\"https:\/\/biosposadas.com\/productos\/wp-content\/uploads\/2025\/01\/3-1.jpg\" style=\"display: block; margin-left: auto; margin-right: auto;\" target=\"_blank\" alt=\"BIOS servicio tecnico - Impresora HP Deskjet 2135 -3  \" width=\"600\" height=\"600\" \/><br \/>\n&nbsp;<br \/>\n&nbsp;<br \/>\n<img loading=\"lazy\" decoding=\"async\" class=\"alignnone size-medium wp-image-115\" src=\"https:\/\/biosposadas.com\/productos\/wp-content\/uploads\/2025\/01\/4-1.jpg\" style=\"display: block; margin-left: auto; margin-right: auto;\" target=\"_blank\" alt=\"BIOS servicio tecnico - Impresora HP Deskjet 2135 -4  \" width=\"600\" height=\"600\" \/><br \/>\n&nbsp;<\/p>\n<hr \/>\n<h2 align=\"center\">Caracter\u00edsticas <\/h2>\n<h3 align=\"center\">Impresora Multifunci\u00f3n a Color<\/h3>\n<h4 align=\"center\">Utiliza para imprimir dos cartuchos, uno color negro, otro de color.<\/h4>\n<h5 align=\"center\">Funciona correctamente con cartuchos alternativos.<\/h5>\n<h6 align=\"center\">Consulte otros equipos, servicio de mantenimeinto y reparaci\u00f3n<\/h6>\n<p>&nbsp;<\/p>\n<hr \/>\n<h3 align=\"center\">\u00a1Click para ponerte en contacto!<\/h3>\n<p><a href=\"https:\/\/wa.me\/5493764299305?text=Consulta%20desde%20el%20sitio%20web\" target=\"_blank\" rel=\"noopener noreferrer\"><img decoding=\"async\" class=\"alignnone size-medium wp-image-115\" style=\"display: block; margin-left: auto; margin-right: auto;\" src=\"https:\/\/biosposadas.com\/productos\/wp-content\/uploads\/2024\/08\/BIOS-wazap.jpg\" alt=\"BIOS contacto whatsapp\"  \/><\/a><\/p>\n<h4 align=\"center\">Todos los productos y servicios en biosposadas.com<\/h4>\n<p>&nbsp;<\/p>\n<hr \/>\n","protected":false},"excerpt":{"rendered":"<p>Impresora HP Deskjet 2135 en BIOS Servicio T\u00e9cnico Posadas &nbsp; &nbsp; &nbsp; &nbsp; &nbsp; &nbsp; &nbsp; &nbsp; Caracter\u00edsticas Impresora Multifunci\u00f3n a Color Utiliza para imprimir dos cartuchos, uno color negro, otro de color. Funciona correctamente con cartuchos alternativos. Consulte otros equipos, servicio de mantenimeinto y reparaci\u00f3n &nbsp; \u00a1Click para ponerte en contacto! Todos los productos [&hellip;]<\/p>\n","protected":false},"featured_media":1044,"template":"","meta":[],"product_brand":[],"product_cat":[74],"product_tag":[79],"class_list":{"0":"post-1018","1":"product","2":"type-product","3":"status-publish","4":"has-post-thumbnail","6":"product_cat-impresoras","7":"product_tag-hewlett-packard","9":"first","10":"instock","11":"shipping-taxable","12":"purchasable","13":"product-type-simple"},"_links":{"self":[{"href":"https:\/\/biosposadas.com\/productos\/wp-json\/wp\/v2\/product\/1018","targetHints":{"allow":["GET"]}}],"collection":[{"href":"https:\/\/biosposadas.com\/productos\/wp-json\/wp\/v2\/product"}],"about":[{"href":"https:\/\/biosposadas.com\/productos\/wp-json\/wp\/v2\/types\/product"}],"wp:featuredmedia":[{"embeddable":true,"href":"https:\/\/biosposadas.com\/productos\/wp-json\/wp\/v2\/media\/1044"}],"wp:attachment":[{"href":"https:\/\/biosposadas.com\/productos\/wp-json\/wp\/v2\/media?parent=1018"}],"wp:term":[{"taxonomy":"product_brand","embeddable":true,"href":"https:\/\/biosposadas.com\/productos\/wp-json\/wp\/v2\/product_brand?post=1018"},{"taxonomy":"product_cat","embeddable":true,"href":"https:\/\/biosposadas.com\/productos\/wp-json\/wp\/v2\/product_cat?post=1018"},{"taxonomy":"product_tag","embeddable":true,"href":"https:\/\/biosposadas.com\/productos\/wp-json\/wp\/v2\/product_tag?post=1018"}],"curies":[{"name":"wp","href":"https:\/\/api.w.org\/{rel}","templated":true}]}}