{"id":1061,"date":"2025-05-07T11:12:26","date_gmt":"2025-05-07T14:12:26","guid":{"rendered":"https:\/\/biosposadas.com\/productos\/?post_type=product&#038;p=1061"},"modified":"2025-06-15T11:04:59","modified_gmt":"2025-06-15T14:04:59","slug":"barra-de-66-leds-con-disipador-tv-philips-noblex-otros","status":"publish","type":"product","link":"https:\/\/biosposadas.com\/productos\/venta\/barra-de-66-leds-con-disipador-tv-philips-noblex-otros\/","title":{"rendered":"Barra de 66 LEDS con disipador. Tv Philips, Noblex, Otros."},"content":{"rendered":"<h1 align=\"center\">Barra de 66 LEDS con disipador.<\/h1>\n<h2 align=\"center\"> Modelo V6840-A97-20<\/h2>\n<hr \/>\n<p align=\"center\">66 LEDS de iluminaci\u00f3n, Compatible Philips, Noblex, Etc<\/p>\n<hr \/>\n<p>&nbsp;<br \/>\n<img loading=\"lazy\" decoding=\"async\" class=\"alignnone size-medium wp-image-115\" src=\"https:\/\/biosposadas.com\/productos\/wp-content\/uploads\/2025\/05\/bios-barra-66-leds-specs.jpg\" style=\"display: block; margin-left: auto; margin-right: auto;\" target=\"_blank\" alt=\"BIOS servicio tecnico - Barra de 66 LEDS\" width=\"600\" height=\"600\" \/><br \/>\n&nbsp;<\/p>\n<hr \/>\n<h2 align=\"center\">Caracter\u00edsticas de la barra LED<\/h2>\n<h3 align=\"center\">Modelo V6840-A97-20<\/h3>\n<h4 align=\"center\">Posee 66 LEDS de iluminaci\u00f3n<\/h4>\n<h4 align=\"center\">Compatible con TV Philips, Noblex y otras.<\/h4>\n<p align=\"center\">Es recomendable desarmar el equipo para verificar el n\u00famero de parte<\/p>\n<h5 align=\"center\">Conector en el extremo<\/h5>\n<h6 align=\"center\">Puede consultar otros modelos disponibles<\/h6>\n<p>&nbsp;<\/p>\n<hr \/>\n<h3 align=\"center\">\u00a1Click para ponerte en contacto!<\/h3>\n<p><a href=\"https:\/\/wa.me\/5493764299305?text=Consulta%20desde%20el%20sitio%20web\" target=\"_blank\" rel=\"noopener noreferrer\"><img decoding=\"async\" class=\"alignnone size-medium wp-image-115\" style=\"display: block; margin-left: auto; margin-right: auto;\" src=\"https:\/\/biosposadas.com\/productos\/wp-content\/uploads\/2024\/08\/BIOS-wazap.jpg\" alt=\"BIOS contacto whatsapp\"  \/><\/a><\/p>\n<h4 align=\"center\">Todos los productos y servicios en biosposadas.com<\/h4>\n<p>&nbsp;<\/p>\n<hr \/>\n","protected":false},"excerpt":{"rendered":"<p>Barra de 66 LEDS con disipador. Modelo V6840-A97-20 66 LEDS de iluminaci\u00f3n, Compatible Philips, Noblex, Etc &nbsp; &nbsp; Caracter\u00edsticas de la barra LED Modelo V6840-A97-20 Posee 66 LEDS de iluminaci\u00f3n Compatible con TV Philips, Noblex y otras. Es recomendable desarmar el equipo para verificar el n\u00famero de parte Conector en el extremo Puede consultar otros [&hellip;]<\/p>\n","protected":false},"featured_media":1074,"template":"","meta":[],"product_brand":[],"product_cat":[77],"product_tag":[83,82,85],"class_list":{"0":"post-1061","1":"product","2":"type-product","3":"status-publish","4":"has-post-thumbnail","6":"product_cat-repuestos","7":"product_tag-noblex","8":"product_tag-philips","9":"product_tag-repuestos","11":"first","12":"instock","13":"shipping-taxable","14":"purchasable","15":"product-type-simple"},"_links":{"self":[{"href":"https:\/\/biosposadas.com\/productos\/wp-json\/wp\/v2\/product\/1061","targetHints":{"allow":["GET"]}}],"collection":[{"href":"https:\/\/biosposadas.com\/productos\/wp-json\/wp\/v2\/product"}],"about":[{"href":"https:\/\/biosposadas.com\/productos\/wp-json\/wp\/v2\/types\/product"}],"wp:featuredmedia":[{"embeddable":true,"href":"https:\/\/biosposadas.com\/productos\/wp-json\/wp\/v2\/media\/1074"}],"wp:attachment":[{"href":"https:\/\/biosposadas.com\/productos\/wp-json\/wp\/v2\/media?parent=1061"}],"wp:term":[{"taxonomy":"product_brand","embeddable":true,"href":"https:\/\/biosposadas.com\/productos\/wp-json\/wp\/v2\/product_brand?post=1061"},{"taxonomy":"product_cat","embeddable":true,"href":"https:\/\/biosposadas.com\/productos\/wp-json\/wp\/v2\/product_cat?post=1061"},{"taxonomy":"product_tag","embeddable":true,"href":"https:\/\/biosposadas.com\/productos\/wp-json\/wp\/v2\/product_tag?post=1061"}],"curies":[{"name":"wp","href":"https:\/\/api.w.org\/{rel}","templated":true}]}}